{"id":145,"date":"2024-03-30T10:06:04","date_gmt":"2024-03-30T09:06:04","guid":{"rendered":"https:\/\/wir-werden-krasser.wedding\/?page_id=145"},"modified":"2024-12-15T10:36:15","modified_gmt":"2024-12-15T09:36:15","slug":"zusage-zur-hochzeit","status":"publish","type":"page","link":"https:\/\/wedding.rantego.com\/?page_id=145","title":{"rendered":"Zusage zur Hochzeit"},"content":{"rendered":"\n<p>Wir freuen uns, dass ihr den Beginn unserer Ehe mit uns feiern m\u00f6chtet! Bitte teilt uns hier mit, ob und mit wie vielen Personen ihr teilnehmen k\u00f6nnt. Nennt uns bitte alle Namen der Hochzeitsg\u00e4ste.<\/p>\n\n\n\n<p>Keine Sorge, eure Zusage ist f\u00fcr niemanden au\u00dfer uns einsehbar \ud83d\ude09<\/p>\n","protected":false},"excerpt":{"rendered":"<p>Wir freuen uns, dass ihr den Beginn unserer Ehe mit uns feiern m\u00f6chtet! Bitte teilt uns hier mit, ob und mit wie vielen Personen ihr &hellip;<\/p>\n","protected":false},"author":1,"featured_media":54,"parent":0,"menu_order":0,"comment_status":"closed","ping_status":"closed","template":"","meta":{"footnotes":""},"_links":{"self":[{"href":"https:\/\/wedding.rantego.com\/index.php?rest_route=\/wp\/v2\/pages\/145"}],"collection":[{"href":"https:\/\/wedding.rantego.com\/index.php?rest_route=\/wp\/v2\/pages"}],"about":[{"href":"https:\/\/wedding.rantego.com\/index.php?rest_route=\/wp\/v2\/types\/page"}],"author":[{"embeddable":true,"href":"https:\/\/wedding.rantego.com\/index.php?rest_route=\/wp\/v2\/users\/1"}],"replies":[{"embeddable":true,"href":"https:\/\/wedding.rantego.com\/index.php?rest_route=%2Fwp%2Fv2%2Fcomments&post=145"}],"version-history":[{"count":2,"href":"https:\/\/wedding.rantego.com\/index.php?rest_route=\/wp\/v2\/pages\/145\/revisions"}],"predecessor-version":[{"id":203,"href":"https:\/\/wedding.rantego.com\/index.php?rest_route=\/wp\/v2\/pages\/145\/revisions\/203"}],"wp:featuredmedia":[{"embeddable":true,"href":"https:\/\/wedding.rantego.com\/index.php?rest_route=\/wp\/v2\/media\/54"}],"wp:attachment":[{"href":"https:\/\/wedding.rantego.com\/index.php?rest_route=%2Fwp%2Fv2%2Fmedia&parent=145"}],"curies":[{"name":"wp","href":"https:\/\/api.w.org\/{rel}","templated":true}]}}